{"id":92,"date":"2025-09-12T12:22:05","date_gmt":"2025-09-12T10:22:05","guid":{"rendered":"http:\/\/letilleul-raucoules.fr\/?page_id=92"},"modified":"2025-09-12T15:21:31","modified_gmt":"2025-09-12T13:21:31","slug":"les-evenements-de-lautomne-2025","status":"publish","type":"page","link":"http:\/\/letilleul-raucoules.fr\/?page_id=92","title":{"rendered":"Les \u00e9v\u00e9nements de l&#8217;automne 2025"},"content":{"rendered":"\n<div class=\"wp-block-group alignfull has-base-2-background-color has-background has-global-padding is-layout-constrained wp-container-core-group-is-layout-669513ed wp-block-group-is-layout-constrained\" style=\"margin-top:0;margin-bottom:0;padding-top:var(--wp--preset--spacing--50);padding-right:var(--wp--preset--spacing--50);padding-bottom:var(--wp--preset--spacing--50);padding-left:var(--wp--preset--spacing--50)\">\n<div class=\"wp-block-columns alignwide is-layout-flex wp-container-core-columns-is-layout-d0bbbce0 wp-block-columns-is-layout-flex\">\n<div class=\"wp-block-column is-layout-flow wp-container-core-column-is-layout-e3d1c41b wp-block-column-is-layout-flow\">\n<figure class=\"wp-block-gallery has-nested-images columns-default is-cropped wp-block-gallery-1 is-layout-flex wp-block-gallery-is-layout-flex\">\n<figure class=\"wp-block-image size-large\"><img loading=\"lazy\" decoding=\"async\" width=\"600\" height=\"340\" data-id=\"96\" src=\"http:\/\/letilleul-raucoules.fr\/wp-content\/uploads\/2025\/09\/600x340-fete-des-champignons.jpg\" alt=\"\" class=\"wp-image-96\" srcset=\"http:\/\/letilleul-raucoules.fr\/wp-content\/uploads\/2025\/09\/600x340-fete-des-champignons.jpg 600w, http:\/\/letilleul-raucoules.fr\/wp-content\/uploads\/2025\/09\/600x340-fete-des-champignons-300x170.jpg 300w\" sizes=\"auto, (max-width: 600px) 100vw, 600px\" \/><\/figure>\n<\/figure>\n\n\n\n<h3 class=\"wp-block-heading has-text-align-left is-style-asterisk has-body-font-family has-medium-font-size\" style=\"font-style:normal;font-weight:600\"><a href=\"https:\/\/saintbonnetlefroid.fr\/foire-aux-champignons\/\" data-type=\"link\" data-id=\"https:\/\/saintbonnetlefroid.fr\/foire-aux-champignons\/\">La Foire aux Champignons<\/a><\/h3>\n\n\n\n<p class=\"has-text-align-left\">L&#8217;\u00e9v\u00e9nement gastronomique incontournable \u00e0 <a href=\"https:\/\/saintbonnetlefroid.fr\/\" data-type=\"link\" data-id=\"https:\/\/saintbonnetlefroid.fr\/\">Saint-Bonnet-le-Froid<\/a>, village des <a href=\"https:\/\/www.lesmaisonsmarcon.fr\/\" data-type=\"link\" data-id=\"https:\/\/www.lesmaisonsmarcon.fr\/\">Maisons Marcon<\/a> (*** guide Michelin)<\/p>\n<\/div>\n\n\n\n<div class=\"wp-block-column is-layout-flow wp-container-core-column-is-layout-e3d1c41b wp-block-column-is-layout-flow\">\n<figure class=\"wp-block-image size-full\"><img loading=\"lazy\" decoding=\"async\" width=\"600\" height=\"340\" src=\"http:\/\/letilleul-raucoules.fr\/wp-content\/uploads\/2025\/09\/600x340-Compostella.jpg\" alt=\"\" class=\"wp-image-99\" srcset=\"http:\/\/letilleul-raucoules.fr\/wp-content\/uploads\/2025\/09\/600x340-Compostella.jpg 600w, http:\/\/letilleul-raucoules.fr\/wp-content\/uploads\/2025\/09\/600x340-Compostella-300x170.jpg 300w\" sizes=\"auto, (max-width: 600px) 100vw, 600px\" \/><\/figure>\n\n\n\n<h3 class=\"wp-block-heading has-text-align-left is-style-asterisk has-body-font-family has-medium-font-size\" style=\"font-style:normal;font-weight:600\"><a href=\"https:\/\/www.lepuyenvelay-tourisme.fr\/temps-fort\/compostella\/\" data-type=\"link\" data-id=\"https:\/\/www.lepuyenvelay-tourisme.fr\/temps-fort\/compostella\/\">Compostella<\/a><\/h3>\n\n\n\n<p class=\"has-text-align-left\">Du 14 juin  au 1er novembre &#8211; Spectacles immersifs situ\u00e9 dans l\u2019ensemble Cath\u00e9drale H\u00f4tel-Dieu du Puy-en-Velay<\/p>\n<\/div>\n\n\n\n<div class=\"wp-block-column is-layout-flow wp-container-core-column-is-layout-e3d1c41b wp-block-column-is-layout-flow\">\n<figure class=\"wp-block-image size-full\"><img loading=\"lazy\" decoding=\"async\" width=\"600\" height=\"340\" src=\"http:\/\/letilleul-raucoules.fr\/wp-content\/uploads\/2025\/09\/600x340-sjm.jpg\" alt=\"\" class=\"wp-image-106\" srcset=\"http:\/\/letilleul-raucoules.fr\/wp-content\/uploads\/2025\/09\/600x340-sjm.jpg 600w, http:\/\/letilleul-raucoules.fr\/wp-content\/uploads\/2025\/09\/600x340-sjm-300x170.jpg 300w\" sizes=\"auto, (max-width: 600px) 100vw, 600px\" \/><\/figure>\n\n\n\n<h3 class=\"wp-block-heading has-text-align-left is-style-asterisk has-body-font-family has-medium-font-size\" style=\"font-style:normal;font-weight:600\"><a href=\"https:\/\/hautpaysduvelay-tourisme.fr\/experiences-a-vivre\/divertissement\/agenda\/\" data-type=\"link\" data-id=\"https:\/\/hautpaysduvelay-tourisme.fr\/experiences-a-vivre\/divertissement\/agenda\/\">Tout l&#8217;agenda Haut Pays du Velay<\/a><\/h3>\n\n\n\n<p class=\"has-text-align-left\">Le Haut Pays du Velay est une terre d\u2019accueil et d\u2019animations. Profitez des f\u00eates de villages, des foires, vide-greniers, concerts\u2026 autour de Raucoules.<\/p>\n<\/div>\n<\/div>\n\n\n\n<div style=\"height:var(--wp--preset--spacing--20)\" aria-hidden=\"true\" class=\"wp-block-spacer\"><\/div>\n\n\n\n<div class=\"wp-block-columns alignwide is-layout-flex wp-container-core-columns-is-layout-d0bbbce0 wp-block-columns-is-layout-flex\">\n<div class=\"wp-block-column is-layout-flow wp-container-core-column-is-layout-e3d1c41b wp-block-column-is-layout-flow\">\n<p class=\"has-text-align-left\"><\/p>\n\n\n\n<figure class=\"wp-block-image size-full\"><img loading=\"lazy\" decoding=\"async\" width=\"600\" height=\"340\" src=\"http:\/\/letilleul-raucoules.fr\/wp-content\/uploads\/2025\/09\/600x340-agenda.jpg\" alt=\"\" class=\"wp-image-100\" srcset=\"http:\/\/letilleul-raucoules.fr\/wp-content\/uploads\/2025\/09\/600x340-agenda.jpg 600w, http:\/\/letilleul-raucoules.fr\/wp-content\/uploads\/2025\/09\/600x340-agenda-300x170.jpg 300w\" sizes=\"auto, (max-width: 600px) 100vw, 600px\" \/><\/figure>\n\n\n\n<h3 class=\"wp-block-heading has-text-align-left is-style-asterisk has-body-font-family has-medium-font-size\" style=\"font-style:normal;font-weight:600\"><a href=\"https:\/\/www.lepuyenvelay-tourisme.fr\/agenda\/\" data-type=\"link\" data-id=\"https:\/\/www.lepuyenvelay-tourisme.fr\/agenda\/\">Tout l&#8217;agenda<\/a> Puy-en-Velay<\/h3>\n\n\n\n<p class=\"has-text-align-left\">D\u00e9couvrez tout l&#8217;agenda des \u00e9v\u00e9nements autour du territoire du Puy-en-Velay<\/p>\n<\/div>\n\n\n\n<div class=\"wp-block-column is-layout-flow wp-container-core-column-is-layout-e3d1c41b wp-block-column-is-layout-flow\">\n<p><\/p>\n\n\n\n<figure class=\"wp-block-gallery has-nested-images columns-default is-cropped wp-block-gallery-2 is-layout-flex wp-block-gallery-is-layout-flex\">\n<figure class=\"wp-block-image size-full\"><img loading=\"lazy\" decoding=\"async\" width=\"600\" height=\"340\" data-id=\"102\" src=\"http:\/\/letilleul-raucoules.fr\/wp-content\/uploads\/2025\/09\/Sans-titre-1.jpg\" alt=\"\" class=\"wp-image-102\" srcset=\"http:\/\/letilleul-raucoules.fr\/wp-content\/uploads\/2025\/09\/Sans-titre-1.jpg 600w, http:\/\/letilleul-raucoules.fr\/wp-content\/uploads\/2025\/09\/Sans-titre-1-300x170.jpg 300w\" sizes=\"auto, (max-width: 600px) 100vw, 600px\" \/><\/figure>\n<\/figure>\n\n\n\n<h3 class=\"wp-block-heading has-text-align-left is-style-asterisk has-body-font-family has-medium-font-size\" style=\"font-style:normal;font-weight:600\"><a href=\"https:\/\/www.automnal-gourmand.fr\/agenda-gourmand\" data-type=\"link\" data-id=\"https:\/\/www.automnal-gourmand.fr\/agenda-gourmand\">L&#8217;Automnal Gourmand<\/a><\/h3>\n\n\n\n<p class=\"has-text-align-left\">Pour la cinqui\u00e8me ann\u00e9e, l&#8217;Automnal gourmand revient du\u00a0<strong>27 septembre au 9 novembre<\/strong>\u00a02025 entre\u00a0<strong>Ard\u00e8che et Haute-Loire<\/strong>. <\/p>\n\n\n\n<p class=\"has-text-align-left\"><a href=\"https:\/\/www.auvergnevacances.com\/marque_blanche\/ecole-de-la-nature-se-divertir\/detail\/manifestations\/atelier-argile-enfants-raucoules-2\/\" data-type=\"link\" data-id=\"https:\/\/www.auvergnevacances.com\/marque_blanche\/ecole-de-la-nature-se-divertir\/detail\/manifestations\/atelier-argile-enfants-raucoules-2\/\">A Raucoules, Atelier modelage d&#8217;argile<\/a><\/p>\n\n\n\n<p class=\"has-text-align-left\"><\/p>\n<\/div>\n\n\n\n<div class=\"wp-block-column is-layout-flow wp-container-core-column-is-layout-e3d1c41b wp-block-column-is-layout-flow\">\n<h3 class=\"wp-block-heading has-text-align-left is-style-asterisk has-body-font-family has-medium-font-size\" style=\"font-style:normal;font-weight:600\"><\/h3>\n\n\n\n<p class=\"has-text-align-left\"><\/p>\n<\/div>\n<\/div>\n<\/div>\n\n\n\n<div class=\"wp-block-group alignfull has-base-color has-contrast-background-color has-text-color has-background has-global-padding is-layout-constrained wp-container-core-group-is-layout-ef3d885c wp-block-group-is-layout-constrained\" style=\"margin-top:0;margin-bottom:0;padding-top:var(--wp--preset--spacing--60);padding-right:var(--wp--preset--spacing--60);padding-bottom:var(--wp--preset--spacing--60);padding-left:var(--wp--preset--spacing--60)\"><\/div>\n\n\n\n<div class=\"wp-block-group alignfull has-global-padding is-layout-constrained wp-container-core-group-is-layout-d89aad35 wp-block-group-is-layout-constrained\" style=\"margin-top:0;margin-bottom:0;padding-top:var(--wp--preset--spacing--50);padding-right:var(--wp--preset--spacing--50);padding-bottom:var(--wp--preset--spacing--50);padding-left:var(--wp--preset--spacing--50)\">\n<h2 class=\"wp-block-heading alignwide has-x-large-font-size\" style=\"margin-top:0;margin-bottom:var(--wp--preset--spacing--40);line-height:1\">Regardez, lisez, \u00e9coutez<\/h2>\n\n\n\n<div class=\"wp-block-group alignwide has-global-padding is-layout-constrained wp-block-group-is-layout-constrained\">\n<div class=\"wp-block-query alignwide is-layout-flow wp-block-query-is-layout-flow\">\n\n\n<div style=\"height:var(--wp--preset--spacing--30)\" aria-hidden=\"true\" class=\"wp-block-spacer\"><\/div>\n\n\n\n\n<div class=\"wp-block-query-no-results\">\n\n<p>Aucune publication n\u2019a \u00e9t\u00e9 trouv\u00e9e.<\/p>\n\n<\/div><\/div>\n<\/div>\n<\/div>\n\n\n\n<div class=\"wp-block-group alignfull has-global-padding is-layout-constrained wp-container-core-group-is-layout-d89aad35 wp-block-group-is-layout-constrained\" style=\"margin-top:0;margin-bottom:0;padding-top:var(--wp--preset--spacing--50);padding-right:var(--wp--preset--spacing--50);padding-bottom:var(--wp--preset--spacing--50);padding-left:var(--wp--preset--spacing--50)\">\n<div class=\"wp-block-group alignwide has-base-2-background-color has-background has-global-padding is-layout-constrained wp-container-core-group-is-layout-39412042 wp-block-group-is-layout-constrained\" style=\"border-radius:16px;padding-top:var(--wp--preset--spacing--40);padding-right:var(--wp--preset--spacing--50);padding-bottom:var(--wp--preset--spacing--40);padding-left:var(--wp--preset--spacing--50)\">\n<div style=\"height:var(--wp--preset--spacing--10)\" aria-hidden=\"true\" class=\"wp-block-spacer\"><\/div>\n\n\n\n<h2 class=\"wp-block-heading has-text-align-center has-x-large-font-size\">Rejoignez plus de 900 abonn\u00e9s\/abonn\u00e9es<\/h2>\n\n\n\n<p class=\"has-text-align-center\">Restez au courant de tout ce que vous devez savoir.<\/p>\n\n\n\n<div class=\"wp-block-buttons is-content-justification-center is-layout-flex wp-container-core-buttons-is-layout-a89b3969 wp-block-buttons-is-layout-flex\">\n<div class=\"wp-block-button\"><a class=\"wp-block-button__link wp-element-button\">S\u2019inscrire<\/a><\/div>\n<\/div>\n\n\n\n<div style=\"height:var(--wp--preset--spacing--10)\" aria-hidden=\"true\" class=\"wp-block-spacer\"><\/div>\n<\/div>\n<\/div>\n","protected":false},"excerpt":{"rendered":"<p>La Foire aux Champignons L&#8217;\u00e9v\u00e9nement gastronomique incontournable \u00e0 Saint-Bonnet-le-Froid, village des Maisons Marcon (*** guide Michelin) Compostella Du 14 juin au 1er novembre &#8211; Spectacles immersifs situ\u00e9 dans l\u2019ensemble Cath\u00e9drale H\u00f4tel-Dieu du Puy-en-Velay Tout l&#8217;agenda Haut Pays du Velay Le Haut Pays du Velay est une terre d\u2019accueil et d\u2019animations. Profitez des f\u00eates de villages, [&hellip;]<\/p>\n","protected":false},"author":1,"featured_media":0,"parent":0,"menu_order":6,"comment_status":"closed","ping_status":"closed","template":"","meta":{"footnotes":""},"class_list":["post-92","page","type-page","status-publish","hentry"],"_links":{"self":[{"href":"http:\/\/letilleul-raucoules.fr\/index.php?rest_route=\/wp\/v2\/pages\/92","targetHints":{"allow":["GET"]}}],"collection":[{"href":"http:\/\/letilleul-raucoules.fr\/index.php?rest_route=\/wp\/v2\/pages"}],"about":[{"href":"http:\/\/letilleul-raucoules.fr\/index.php?rest_route=\/wp\/v2\/types\/page"}],"author":[{"embeddable":true,"href":"http:\/\/letilleul-raucoules.fr\/index.php?rest_route=\/wp\/v2\/users\/1"}],"replies":[{"embeddable":true,"href":"http:\/\/letilleul-raucoules.fr\/index.php?rest_route=%2Fwp%2Fv2%2Fcomments&post=92"}],"version-history":[{"count":6,"href":"http:\/\/letilleul-raucoules.fr\/index.php?rest_route=\/wp\/v2\/pages\/92\/revisions"}],"predecessor-version":[{"id":107,"href":"http:\/\/letilleul-raucoules.fr\/index.php?rest_route=\/wp\/v2\/pages\/92\/revisions\/107"}],"wp:attachment":[{"href":"http:\/\/letilleul-raucoules.fr\/index.php?rest_route=%2Fwp%2Fv2%2Fmedia&parent=92"}],"curies":[{"name":"wp","href":"https:\/\/api.w.org\/{rel}","templated":true}]}}