{"id":74,"date":"2025-09-12T11:50:44","date_gmt":"2025-09-12T09:50:44","guid":{"rendered":"http:\/\/letilleul-raucoules.fr\/?page_id=74"},"modified":"2025-09-12T15:20:41","modified_gmt":"2025-09-12T13:20:41","slug":"les-services","status":"publish","type":"page","link":"http:\/\/letilleul-raucoules.fr\/?page_id=74","title":{"rendered":"Les services &amp; commerces"},"content":{"rendered":"\n<div class=\"wp-block-group alignfull has-base-2-background-color has-background has-global-padding is-layout-constrained wp-container-core-group-is-layout-669513ed wp-block-group-is-layout-constrained\" style=\"margin-top:0;margin-bottom:0;padding-top:var(--wp--preset--spacing--50);padding-right:var(--wp--preset--spacing--50);padding-bottom:var(--wp--preset--spacing--50);padding-left:var(--wp--preset--spacing--50)\">\n<div class=\"wp-block-columns alignwide is-layout-flex wp-container-core-columns-is-layout-d0bbbce0 wp-block-columns-is-layout-flex\">\n<div class=\"wp-block-column is-layout-flow wp-container-core-column-is-layout-e3d1c41b wp-block-column-is-layout-flow\">\n<figure class=\"wp-block-image size-large\"><img loading=\"lazy\" decoding=\"async\" width=\"1024\" height=\"580\" src=\"http:\/\/letilleul-raucoules.fr\/wp-content\/uploads\/2025\/09\/1200x680-1024x580.jpg\" alt=\"\" class=\"wp-image-76\" srcset=\"http:\/\/letilleul-raucoules.fr\/wp-content\/uploads\/2025\/09\/1200x680-1024x580.jpg 1024w, http:\/\/letilleul-raucoules.fr\/wp-content\/uploads\/2025\/09\/1200x680-300x170.jpg 300w, http:\/\/letilleul-raucoules.fr\/wp-content\/uploads\/2025\/09\/1200x680-768x435.jpg 768w, http:\/\/letilleul-raucoules.fr\/wp-content\/uploads\/2025\/09\/1200x680.jpg 1200w\" sizes=\"auto, (max-width: 1024px) 100vw, 1024px\" \/><\/figure>\n\n\n\n<h3 class=\"wp-block-heading has-text-align-left is-style-asterisk has-body-font-family has-medium-font-size\" style=\"font-style:normal;font-weight:600\">Boulangeries \u00e0 Montfaucon (rue centrale)<\/h3>\n\n\n\n<p class=\"has-text-align-left\">Boulangerie Teyssier<\/p>\n\n\n\n<p>Boulangerie Paulet<\/p>\n\n\n\n<p>Patisserie Duplat<\/p>\n<\/div>\n\n\n\n<div class=\"wp-block-column is-layout-flow wp-container-core-column-is-layout-e3d1c41b wp-block-column-is-layout-flow\">\n<figure class=\"wp-block-gallery has-nested-images columns-default is-cropped wp-block-gallery-1 is-layout-flex wp-block-gallery-is-layout-flex\">\n<figure class=\"wp-block-image size-large\"><img loading=\"lazy\" decoding=\"async\" width=\"1024\" height=\"580\" data-id=\"79\" src=\"http:\/\/letilleul-raucoules.fr\/wp-content\/uploads\/2025\/09\/1200x680-pharma-1024x580.jpg\" alt=\"\" class=\"wp-image-79\" srcset=\"http:\/\/letilleul-raucoules.fr\/wp-content\/uploads\/2025\/09\/1200x680-pharma-1024x580.jpg 1024w, http:\/\/letilleul-raucoules.fr\/wp-content\/uploads\/2025\/09\/1200x680-pharma-300x170.jpg 300w, http:\/\/letilleul-raucoules.fr\/wp-content\/uploads\/2025\/09\/1200x680-pharma-768x435.jpg 768w, http:\/\/letilleul-raucoules.fr\/wp-content\/uploads\/2025\/09\/1200x680-pharma.jpg 1200w\" sizes=\"auto, (max-width: 1024px) 100vw, 1024px\" \/><\/figure>\n<\/figure>\n\n\n\n<h3 class=\"wp-block-heading has-text-align-left is-style-asterisk has-body-font-family has-medium-font-size\" style=\"font-style:normal;font-weight:600\">Pharmacie<\/h3>\n\n\n\n<p class=\"has-text-align-left\"><a href=\"https:\/\/www.google.com\/url?url=https%3A%2F%2Fpharmaduvelay.fr%2F&amp;sa=t&amp;rct=j&amp;source=maps&amp;usg=AOvVaw0G6aR3boZHWoE_rgvmeeTH&amp;ved=1i%3A0%2Ct%3A3443%2Ce%3A30%2Cp%3AmuTDaMaTOaSZkdUPmajnyAs%3A263\" data-type=\"link\" data-id=\"https:\/\/www.google.com\/url?url=https%3A%2F%2Fpharmaduvelay.fr%2F&amp;sa=t&amp;rct=j&amp;source=maps&amp;usg=AOvVaw0G6aR3boZHWoE_rgvmeeTH&amp;ved=1i%3A0%2Ct%3A3443%2Ce%3A30%2Cp%3AmuTDaMaTOaSZkdUPmajnyAs%3A263\">Pharmacie du Velay \u00e0 Montfaucon<\/a><\/p>\n<\/div>\n\n\n\n<div class=\"wp-block-column is-layout-flow wp-container-core-column-is-layout-e3d1c41b wp-block-column-is-layout-flow\">\n<figure class=\"wp-block-image size-large\"><img loading=\"lazy\" decoding=\"async\" width=\"1024\" height=\"580\" src=\"http:\/\/letilleul-raucoules.fr\/wp-content\/uploads\/2025\/09\/1200x680-salaison-1024x580.jpg\" alt=\"\" class=\"wp-image-80\" srcset=\"http:\/\/letilleul-raucoules.fr\/wp-content\/uploads\/2025\/09\/1200x680-salaison-1024x580.jpg 1024w, http:\/\/letilleul-raucoules.fr\/wp-content\/uploads\/2025\/09\/1200x680-salaison-300x170.jpg 300w, http:\/\/letilleul-raucoules.fr\/wp-content\/uploads\/2025\/09\/1200x680-salaison-768x435.jpg 768w, http:\/\/letilleul-raucoules.fr\/wp-content\/uploads\/2025\/09\/1200x680-salaison.jpg 1200w\" sizes=\"auto, (max-width: 1024px) 100vw, 1024px\" \/><\/figure>\n\n\n\n<h3 class=\"wp-block-heading has-text-align-left is-style-asterisk has-body-font-family has-medium-font-size\" style=\"font-style:normal;font-weight:600\">Salaison<\/h3>\n\n\n\n<p class=\"has-text-align-left\"><a href=\"https:\/\/www.google.com\/search?sca_esv=53569ca3ec5332b8&amp;rlz=1C1GCEA_enFR1176FR1176&amp;q=salaison+pichon&amp;si=AMgyJEuzsz2NflaaWzrzdpjxXXRaJ2hfdMsbe_mSWso6src8s7oLrLpRijyRIE4mM5YJ3OzxgiDZZLLUCPcVOc3ZgON91j9iv5Fj-57BwGiTDD5OArmfBA8%3D&amp;uds=AOm0WdGjsAzsq6lJpU4jvHKoiUiIzLSB_JIPqiqrIymwutuKBXgsXneTEh3Ny8_8uHmVnwTSZLNJ69Wcw8Ywp1uXX0B_S9LzXMXuw8YGDYhW0cx0j66srd0&amp;sa=X&amp;sqi=2&amp;ved=2ahUKEwj50eWD8dKPAxW_QvEDHaNSDgMQ3PALegQIHxAE&amp;biw=1920&amp;bih=911&amp;dpr=1\" data-type=\"link\" data-id=\"https:\/\/www.google.com\/search?sca_esv=53569ca3ec5332b8&amp;rlz=1C1GCEA_enFR1176FR1176&amp;q=salaison+pichon&amp;si=AMgyJEuzsz2NflaaWzrzdpjxXXRaJ2hfdMsbe_mSWso6src8s7oLrLpRijyRIE4mM5YJ3OzxgiDZZLLUCPcVOc3ZgON91j9iv5Fj-57BwGiTDD5OArmfBA8%3D&amp;uds=AOm0WdGjsAzsq6lJpU4jvHKoiUiIzLSB_JIPqiqrIymwutuKBXgsXneTEh3Ny8_8uHmVnwTSZLNJ69Wcw8Ywp1uXX0B_S9LzXMXuw8YGDYhW0cx0j66srd0&amp;sa=X&amp;sqi=2&amp;ved=2ahUKEwj50eWD8dKPAxW_QvEDHaNSDgMQ3PALegQIHxAE&amp;biw=1920&amp;bih=911&amp;dpr=1\">Salaison Pichon \u00e0 Raucoules<\/a><\/p>\n\n\n\n<p class=\"has-text-align-left\"><\/p>\n<\/div>\n<\/div>\n\n\n\n<div style=\"height:var(--wp--preset--spacing--20)\" aria-hidden=\"true\" class=\"wp-block-spacer\"><\/div>\n\n\n\n<div class=\"wp-block-columns alignwide is-layout-flex wp-container-core-columns-is-layout-d0bbbce0 wp-block-columns-is-layout-flex\">\n<div class=\"wp-block-column is-layout-flow wp-container-core-column-is-layout-e3d1c41b wp-block-column-is-layout-flow\">\n<figure class=\"wp-block-image size-full\"><img loading=\"lazy\" decoding=\"async\" width=\"600\" height=\"340\" src=\"http:\/\/letilleul-raucoules.fr\/wp-content\/uploads\/2025\/09\/600x340-coiffeur.jpg\" alt=\"\" class=\"wp-image-82\" srcset=\"http:\/\/letilleul-raucoules.fr\/wp-content\/uploads\/2025\/09\/600x340-coiffeur.jpg 600w, http:\/\/letilleul-raucoules.fr\/wp-content\/uploads\/2025\/09\/600x340-coiffeur-300x170.jpg 300w\" sizes=\"auto, (max-width: 600px) 100vw, 600px\" \/><\/figure>\n\n\n\n<h3 class=\"wp-block-heading has-text-align-left is-style-asterisk has-body-font-family has-medium-font-size\" style=\"font-style:normal;font-weight:600\">Coiffeur<\/h3>\n\n\n\n<p class=\"has-text-align-left\"><a href=\"https:\/\/www.planity.com\/mme-monvoisin-laeticia-43290-raucoules\" data-type=\"link\" data-id=\"https:\/\/www.planity.com\/mme-monvoisin-laeticia-43290-raucoules\">L&#8217;atelier Coiffure \u00e0 Raucoules<\/a><\/p>\n<\/div>\n\n\n\n<div class=\"wp-block-column is-layout-flow wp-container-core-column-is-layout-e3d1c41b wp-block-column-is-layout-flow\">\n<figure class=\"wp-block-image size-full\"><img loading=\"lazy\" decoding=\"async\" width=\"600\" height=\"340\" src=\"http:\/\/letilleul-raucoules.fr\/wp-content\/uploads\/2025\/09\/supermarche-600x340-1.jpg\" alt=\"\" class=\"wp-image-83\" srcset=\"http:\/\/letilleul-raucoules.fr\/wp-content\/uploads\/2025\/09\/supermarche-600x340-1.jpg 600w, http:\/\/letilleul-raucoules.fr\/wp-content\/uploads\/2025\/09\/supermarche-600x340-1-300x170.jpg 300w\" sizes=\"auto, (max-width: 600px) 100vw, 600px\" \/><\/figure>\n\n\n\n<h3 class=\"wp-block-heading has-text-align-left is-style-asterisk has-body-font-family has-medium-font-size\" style=\"font-style:normal;font-weight:600\">Supermarch\u00e9 &amp; Epicerie<\/h3>\n\n\n\n<p class=\"has-text-align-left\"><a href=\"https:\/\/www.carrefour.fr\/magasin\/market-dunieres\" data-type=\"link\" data-id=\"https:\/\/www.carrefour.fr\/magasin\/market-dunieres\">Carrefour Market Duni\u00e8res<\/a><\/p>\n\n\n\n<p><a href=\"https:\/\/petitcasino.casino.fr\/stores\/c0809\">Petit Casino Montfaucon<\/a><\/p>\n<\/div>\n\n\n\n<div class=\"wp-block-column is-layout-flow wp-container-core-column-is-layout-e3d1c41b wp-block-column-is-layout-flow\">\n<figure class=\"wp-block-gallery has-nested-images columns-default is-cropped wp-block-gallery-2 is-layout-flex wp-block-gallery-is-layout-flex\">\n<figure class=\"wp-block-image size-large\"><img loading=\"lazy\" decoding=\"async\" width=\"1024\" height=\"546\" data-id=\"89\" src=\"http:\/\/letilleul-raucoules.fr\/wp-content\/uploads\/2025\/09\/03.marche-1024x546.png\" alt=\"\" class=\"wp-image-89\" srcset=\"http:\/\/letilleul-raucoules.fr\/wp-content\/uploads\/2025\/09\/03.marche-1024x546.png 1024w, http:\/\/letilleul-raucoules.fr\/wp-content\/uploads\/2025\/09\/03.marche-300x160.png 300w, http:\/\/letilleul-raucoules.fr\/wp-content\/uploads\/2025\/09\/03.marche-768x409.png 768w, http:\/\/letilleul-raucoules.fr\/wp-content\/uploads\/2025\/09\/03.marche-1536x819.png 1536w, http:\/\/letilleul-raucoules.fr\/wp-content\/uploads\/2025\/09\/03.marche.png 1563w\" sizes=\"auto, (max-width: 1024px) 100vw, 1024px\" \/><\/figure>\n<\/figure>\n\n\n\n<h3 class=\"wp-block-heading has-text-align-left is-style-asterisk has-body-font-family has-medium-font-size\" style=\"font-style:normal;font-weight:600\">Les March\u00e9s<\/h3>\n\n\n\n<p>Le samedi \u00e0 Raucoules<\/p>\n\n\n\n<p>Le mercredi \u00e0 Montfaucon<\/p>\n\n\n\n<p>Le Jeudi \u00e0 Yssingeaux<\/p>\n\n\n\n<p>Le vendredi \u00e0 Duni\u00e8res<\/p>\n\n\n\n<p><\/p>\n<\/div>\n<\/div>\n<\/div>\n\n\n\n<div class=\"wp-block-group alignfull has-global-padding is-layout-constrained wp-container-core-group-is-layout-d89aad35 wp-block-group-is-layout-constrained\" style=\"margin-top:0;margin-bottom:0;padding-top:var(--wp--preset--spacing--50);padding-right:var(--wp--preset--spacing--50);padding-bottom:var(--wp--preset--spacing--50);padding-left:var(--wp--preset--spacing--50)\"><\/div>\n\n\n\n<div class=\"wp-block-group alignfull has-global-padding is-layout-constrained wp-container-core-group-is-layout-d89aad35 wp-block-group-is-layout-constrained\" style=\"margin-top:0;margin-bottom:0;padding-top:var(--wp--preset--spacing--50);padding-right:var(--wp--preset--spacing--50);padding-bottom:var(--wp--preset--spacing--50);padding-left:var(--wp--preset--spacing--50)\">\n<h2 class=\"wp-block-heading alignwide has-x-large-font-size\" style=\"margin-top:0;margin-bottom:var(--wp--preset--spacing--40);line-height:1\">Regardez, lisez, \u00e9coutez<\/h2>\n\n\n\n<div class=\"wp-block-group alignwide has-global-padding is-layout-constrained wp-block-group-is-layout-constrained\">\n<div class=\"wp-block-query alignwide is-layout-flow wp-block-query-is-layout-flow\">\n\n\n<div style=\"height:var(--wp--preset--spacing--30)\" aria-hidden=\"true\" class=\"wp-block-spacer\"><\/div>\n\n\n\n\n<div class=\"wp-block-query-no-results\">\n\n<p>Aucune publication n\u2019a \u00e9t\u00e9 trouv\u00e9e.<\/p>\n\n<\/div><\/div>\n<\/div>\n<\/div>\n\n\n\n<div class=\"wp-block-group alignfull has-global-padding is-layout-constrained wp-container-core-group-is-layout-d89aad35 wp-block-group-is-layout-constrained\" style=\"margin-top:0;margin-bottom:0;padding-top:var(--wp--preset--spacing--50);padding-right:var(--wp--preset--spacing--50);padding-bottom:var(--wp--preset--spacing--50);padding-left:var(--wp--preset--spacing--50)\">\n<div class=\"wp-block-group alignwide has-base-2-background-color has-background has-global-padding is-layout-constrained wp-container-core-group-is-layout-39412042 wp-block-group-is-layout-constrained\" style=\"border-radius:16px;padding-top:var(--wp--preset--spacing--40);padding-right:var(--wp--preset--spacing--50);padding-bottom:var(--wp--preset--spacing--40);padding-left:var(--wp--preset--spacing--50)\">\n<div style=\"height:var(--wp--preset--spacing--10)\" aria-hidden=\"true\" class=\"wp-block-spacer\"><\/div>\n\n\n\n<h2 class=\"wp-block-heading has-text-align-center has-x-large-font-size\">Rejoignez plus de 900 abonn\u00e9s\/abonn\u00e9es<\/h2>\n\n\n\n<p class=\"has-text-align-center\">Restez au courant de tout ce que vous devez savoir.<\/p>\n\n\n\n<div class=\"wp-block-buttons is-content-justification-center is-layout-flex wp-container-core-buttons-is-layout-a89b3969 wp-block-buttons-is-layout-flex\">\n<div class=\"wp-block-button\"><a class=\"wp-block-button__link wp-element-button\">S\u2019inscrire<\/a><\/div>\n<\/div>\n\n\n\n<div style=\"height:var(--wp--preset--spacing--10)\" aria-hidden=\"true\" class=\"wp-block-spacer\"><\/div>\n<\/div>\n<\/div>\n","protected":false},"excerpt":{"rendered":"<p>Boulangeries \u00e0 Montfaucon (rue centrale) Boulangerie Teyssier Boulangerie Paulet Patisserie Duplat Pharmacie Pharmacie du Velay \u00e0 Montfaucon Salaison Salaison Pichon \u00e0 Raucoules Coiffeur L&#8217;atelier Coiffure \u00e0 Raucoules Supermarch\u00e9 &amp; Epicerie Carrefour Market Duni\u00e8res Petit Casino Montfaucon Les March\u00e9s Le samedi \u00e0 Raucoules Le mercredi \u00e0 Montfaucon Le Jeudi \u00e0 Yssingeaux Le vendredi \u00e0 Duni\u00e8res Regardez, [&hellip;]<\/p>\n","protected":false},"author":1,"featured_media":0,"parent":0,"menu_order":3,"comment_status":"closed","ping_status":"closed","template":"","meta":{"footnotes":""},"class_list":["post-74","page","type-page","status-publish","hentry"],"_links":{"self":[{"href":"http:\/\/letilleul-raucoules.fr\/index.php?rest_route=\/wp\/v2\/pages\/74","targetHints":{"allow":["GET"]}}],"collection":[{"href":"http:\/\/letilleul-raucoules.fr\/index.php?rest_route=\/wp\/v2\/pages"}],"about":[{"href":"http:\/\/letilleul-raucoules.fr\/index.php?rest_route=\/wp\/v2\/types\/page"}],"author":[{"embeddable":true,"href":"http:\/\/letilleul-raucoules.fr\/index.php?rest_route=\/wp\/v2\/users\/1"}],"replies":[{"embeddable":true,"href":"http:\/\/letilleul-raucoules.fr\/index.php?rest_route=%2Fwp%2Fv2%2Fcomments&post=74"}],"version-history":[{"count":3,"href":"http:\/\/letilleul-raucoules.fr\/index.php?rest_route=\/wp\/v2\/pages\/74\/revisions"}],"predecessor-version":[{"id":90,"href":"http:\/\/letilleul-raucoules.fr\/index.php?rest_route=\/wp\/v2\/pages\/74\/revisions\/90"}],"wp:attachment":[{"href":"http:\/\/letilleul-raucoules.fr\/index.php?rest_route=%2Fwp%2Fv2%2Fmedia&parent=74"}],"curies":[{"name":"wp","href":"https:\/\/api.w.org\/{rel}","templated":true}]}}