{"id":59,"date":"2025-06-30T17:14:38","date_gmt":"2025-06-30T15:14:38","guid":{"rendered":"http:\/\/letilleul-raucoules.fr\/?page_id=59"},"modified":"2025-09-12T15:21:51","modified_gmt":"2025-09-12T13:21:51","slug":"a-voir-autour-de-raucoules","status":"publish","type":"page","link":"http:\/\/letilleul-raucoules.fr\/?page_id=59","title":{"rendered":"A voir autour de Raucoules"},"content":{"rendered":"\n<figure class=\"wp-block-image size-full\"><img loading=\"lazy\" decoding=\"async\" width=\"725\" height=\"465\" src=\"http:\/\/letilleul-raucoules.fr\/wp-content\/uploads\/2025\/06\/Capture-decran-2025-06-30-171822.png\" alt=\"\" class=\"wp-image-62\" srcset=\"http:\/\/letilleul-raucoules.fr\/wp-content\/uploads\/2025\/06\/Capture-decran-2025-06-30-171822.png 725w, http:\/\/letilleul-raucoules.fr\/wp-content\/uploads\/2025\/06\/Capture-decran-2025-06-30-171822-300x192.png 300w\" sizes=\"auto, (max-width: 725px) 100vw, 725px\" \/><\/figure>\n\n\n\n<p><strong>\ud83c\udf32 Le g\u00eete offre un acc\u00e8s facile \u00e0 la beaut\u00e9 naturelle de la r\u00e9gion et \u00e0 ses diverses activit\u00e9s :<\/strong><\/p>\n\n\n\n<ul class=\"wp-block-list\">\n<li><a href=\"https:\/\/www.visorando.com\/randonnee-raucoules.html\" data-type=\"link\" data-id=\"https:\/\/www.visorando.com\/randonnee-raucoules.html\">Chemins de randonn\u00e9e<\/a> avec de magnifiques paysages<\/li>\n\n\n\n<li>Acc\u00e8s \u00e0 la voie verte &#8211; <a href=\"https:\/\/www.viafluvia.fr\/nos-parcours\/les-parcours\/\" data-type=\"link\" data-id=\"https:\/\/www.viafluvia.fr\/nos-parcours\/les-parcours\/\">Via Fluvia<\/a> (17 km) via Riaffieu pour promenade v\u00e9lo, trottinette, etc.<\/li>\n\n\n\n<li>\ud83c\udfde <a href=\"https:\/\/www.sucsetloire-tourisme.fr\/decouvrir\/le-lac-de-lavalette\/\" data-type=\"link\" data-id=\"https:\/\/www.sucsetloire-tourisme.fr\/decouvrir\/le-lac-de-lavalette\/\">Base de loisirs du barrage de Lavalette<\/a> (12 kms)<\/li>\n\n\n\n<li> <a href=\"https:\/\/www.ardeche-hautes-vallees.fr\/equipement\/lac-de-devesset-base-de-loisirs\/\" data-type=\"link\" data-id=\"https:\/\/www.ardeche-hautes-vallees.fr\/equipement\/lac-de-devesset-base-de-loisirs\/\">Lac de Devesset<\/a> (23 kms)<\/li>\n\n\n\n<li>\ud83c\udf09 <a href=\"https:\/\/www.sucsetloire-tourisme.fr\/decouvrir\/les-gorges-du-lignon\/passerelle-les-gorges-du-lignon\/\" data-type=\"link\" data-id=\"https:\/\/www.sucsetloire-tourisme.fr\/decouvrir\/les-gorges-du-lignon\/passerelle-les-gorges-du-lignon\/\">Passerelle himalayenne \u00e0 proximit\u00e9 de Tence<\/a> (~10 minutes)<\/li>\n\n\n\n<li><\/li>\n\n\n\n<li>\ud83d\ude82 <a href=\"https:\/\/velay-express.fr\/\" data-type=\"link\" data-id=\"https:\/\/velay-express.fr\/\">Le train touristique du Velay Express<\/a> (2 kms &#8211; Gare de Raucoules)<\/li>\n\n\n\n<li><a href=\"https:\/\/www.ardeche-hautes-vallees.fr\/equipement\/lac-de-devesset-base-de-loisirs\/\" data-type=\"link\" data-id=\"https:\/\/www.ardeche-hautes-vallees.fr\/equipement\/lac-de-devesset-base-de-loisirs\/\">Base de loisirs du lac de Devesset<\/a> (23km)<\/li>\n\n\n\n<li><a href=\"https:\/\/www.myhauteloire.fr\/patrimoine-culturel\/musee-darts-et-traditions-populaires\/\" data-type=\"link\" data-id=\"https:\/\/www.myhauteloire.fr\/patrimoine-culturel\/musee-darts-et-traditions-populaires\/\">Mus\u00e9e d&#8217;arts et traditions populaires<\/a> (Vessilhac, 12km)<\/li>\n\n\n\n<li><a href=\"http:\/\/www.familyaventure.com\/\" data-type=\"link\" data-id=\"http:\/\/www.familyaventure.com\/\">Parc Family aventure<\/a> (La S\u00e9auve -sur- Sem\u00e8ne, 19km)<\/li>\n\n\n\n<li><a href=\"https:\/\/www.spa-hautplateau.com\/\" data-type=\"link\" data-id=\"https:\/\/www.spa-hautplateau.com\/\">Spa du haut plateau<\/a> \u00e0 Saint-Bonnet-le-Froid<\/li>\n<\/ul>\n\n\n\n<p><\/p>\n\n\n\n<h3 class=\"wp-block-heading\">Un peu plus loin&#8230; mais \u00e7a vaut le d\u00e9tour !<\/h3>\n\n\n\n<figure class=\"wp-block-image size-full\"><img loading=\"lazy\" decoding=\"async\" width=\"960\" height=\"640\" src=\"http:\/\/letilleul-raucoules.fr\/wp-content\/uploads\/2025\/09\/chapelle.jpeg\" alt=\"\" class=\"wp-image-86\" srcset=\"http:\/\/letilleul-raucoules.fr\/wp-content\/uploads\/2025\/09\/chapelle.jpeg 960w, http:\/\/letilleul-raucoules.fr\/wp-content\/uploads\/2025\/09\/chapelle-300x200.jpeg 300w, http:\/\/letilleul-raucoules.fr\/wp-content\/uploads\/2025\/09\/chapelle-768x512.jpeg 768w\" sizes=\"auto, (max-width: 960px) 100vw, 960px\" \/><\/figure>\n\n\n\n<p>\ud83e\udd81 <a href=\"https:\/\/www.safari-peaugres.com\/\" data-type=\"link\" data-id=\"https:\/\/www.safari-peaugres.com\/\">Safari Parc de Peaugres en Ard\u00e8che<\/a> (50 kms)<\/p>\n\n\n\n<p>\u26ea<a href=\"https:\/\/www.lepuyenvelay-tourisme.fr\/decouvrir\/le-puy-en-velay\/\" data-type=\"link\" data-id=\"https:\/\/www.lepuyenvelay-tourisme.fr\/decouvrir\/le-puy-en-velay\/\">La ville du Puy-en-Velay<\/a> (45 km)<\/p>\n\n\n\n<p>\ud83c\udf86 Illuminations des b\u00e2timents durant l\u2019\u00e9t\u00e9 (44 kms)<\/p>\n\n\n\n<p><a href=\"https:\/\/hautpaysduvelay-tourisme.fr\/\" data-type=\"link\" data-id=\"https:\/\/hautpaysduvelay-tourisme.fr\/\">Office de tourisme Haut pays du Velay<\/a><\/p>\n","protected":false},"excerpt":{"rendered":"<p>\ud83c\udf32 Le g\u00eete offre un acc\u00e8s facile \u00e0 la beaut\u00e9 naturelle de la r\u00e9gion et \u00e0 ses diverses activit\u00e9s : Un peu plus loin&#8230; mais \u00e7a vaut le d\u00e9tour ! \ud83e\udd81 Safari Parc de Peaugres en Ard\u00e8che (50 kms) \u26eaLa ville du Puy-en-Velay (45 km) \ud83c\udf86 Illuminations des b\u00e2timents durant l\u2019\u00e9t\u00e9 (44 kms) Office de [&hellip;]<\/p>\n","protected":false},"author":1,"featured_media":0,"parent":0,"menu_order":3,"comment_status":"closed","ping_status":"closed","template":"","meta":{"footnotes":""},"class_list":["post-59","page","type-page","status-publish","hentry"],"_links":{"self":[{"href":"http:\/\/letilleul-raucoules.fr\/index.php?rest_route=\/wp\/v2\/pages\/59","targetHints":{"allow":["GET"]}}],"collection":[{"href":"http:\/\/letilleul-raucoules.fr\/index.php?rest_route=\/wp\/v2\/pages"}],"about":[{"href":"http:\/\/letilleul-raucoules.fr\/index.php?rest_route=\/wp\/v2\/types\/page"}],"author":[{"embeddable":true,"href":"http:\/\/letilleul-raucoules.fr\/index.php?rest_route=\/wp\/v2\/users\/1"}],"replies":[{"embeddable":true,"href":"http:\/\/letilleul-raucoules.fr\/index.php?rest_route=%2Fwp%2Fv2%2Fcomments&post=59"}],"version-history":[{"count":4,"href":"http:\/\/letilleul-raucoules.fr\/index.php?rest_route=\/wp\/v2\/pages\/59\/revisions"}],"predecessor-version":[{"id":91,"href":"http:\/\/letilleul-raucoules.fr\/index.php?rest_route=\/wp\/v2\/pages\/59\/revisions\/91"}],"wp:attachment":[{"href":"http:\/\/letilleul-raucoules.fr\/index.php?rest_route=%2Fwp%2Fv2%2Fmedia&parent=59"}],"curies":[{"name":"wp","href":"https:\/\/api.w.org\/{rel}","templated":true}]}}