{"id":23,"date":"2025-06-10T14:39:40","date_gmt":"2025-06-10T12:39:40","guid":{"rendered":"http:\/\/letilleul-raucoules.fr\/?page_id=23"},"modified":"2026-02-05T15:32:55","modified_gmt":"2026-02-05T14:32:55","slug":"lhebergement","status":"publish","type":"page","link":"http:\/\/letilleul-raucoules.fr\/?page_id=23","title":{"rendered":"L&#8217;h\u00e9bergement"},"content":{"rendered":"\n<figure class=\"wp-block-image size-large\"><img loading=\"lazy\" decoding=\"async\" width=\"1024\" height=\"1024\" src=\"http:\/\/letilleul-raucoules.fr\/wp-content\/uploads\/2025\/06\/20250502_161831-1024x1024.jpg\" alt=\"\" class=\"wp-image-12\" srcset=\"http:\/\/letilleul-raucoules.fr\/wp-content\/uploads\/2025\/06\/20250502_161831-1024x1024.jpg 1024w, http:\/\/letilleul-raucoules.fr\/wp-content\/uploads\/2025\/06\/20250502_161831-300x300.jpg 300w, http:\/\/letilleul-raucoules.fr\/wp-content\/uploads\/2025\/06\/20250502_161831-150x150.jpg 150w, http:\/\/letilleul-raucoules.fr\/wp-content\/uploads\/2025\/06\/20250502_161831-768x768.jpg 768w, http:\/\/letilleul-raucoules.fr\/wp-content\/uploads\/2025\/06\/20250502_161831-1536x1536.jpg 1536w, http:\/\/letilleul-raucoules.fr\/wp-content\/uploads\/2025\/06\/20250502_161831-2048x2048.jpg 2048w\" sizes=\"auto, (max-width: 1024px) 100vw, 1024px\" \/><\/figure>\n\n\n\n<p>Le g\u00eete du Tilleul vous propose un h\u00e9bergement paisible pouvant accueillir jusqu\u2019\u00e0 6 personnes pour \u00e9chapper quelques jours \u00e0 l\u2019agitation de la vie quotidienne.<\/p>\n\n\n\n<p>Vous retrouverez une chemin\u00e9e en pierre datant de l\u2019origine de la demeure (1784) au niveau du Rez-de-chauss\u00e9e ainsi qu\u2019une pi\u00e8ce \u00e0 vivre de 30 m\u00b2, un coin cuisine \u00e9quip\u00e9 et un WC.<\/p>\n\n\n\n<p>\ud83d\udecf\ufe0f Au premier \u00e9tage, une chambre avec 2 lits doubles et une salle de bain avec WC.<\/p>\n\n\n\n<p>Au second \u00e9tage, une mezzanine avec 2 lits et un canap\u00e9.<\/p>\n\n\n\n<p>\u00c0 l\u2019ext\u00e9rieur, se d\u00e9voile un tilleul o\u00f9 vous pourrez d\u00e9jeuner \u00e0 l\u2019ombre de celui-ci.<\/p>\n\n\n\n<p>\ud83c\udf33 Vous pourrez \u00e9galement profiter de l\u2019espace enherb\u00e9 autour de la maison sur ~1500 m\u00b2.<\/p>\n\n\n\n<p>\ud83d\ude97 Parking Ext\u00e9rieur et possibilit\u00e9 garage \u00e0 v\u00e9lo.<\/p>\n\n\n\n<p>\ud83d\udcf6 Wifi gratuit pour rester connect\u00e9<\/p>\n\n\n\n<p><strong>A noter : <\/strong><\/p>\n\n\n\n<ul class=\"wp-block-list\">\n<li>Le g\u00eete est <strong>non fumeur<\/strong><\/li>\n\n\n\n<li>L&#8217;occupation du lieu doit \u00eatre paisibles (pas de f\u00eates)<\/li>\n\n\n\n<li>Les animaux sont accept\u00e9s <strong>sous r\u00e9serve de validation pr\u00e9alable<\/strong> (nous consulter)<\/li>\n<\/ul>\n\n\n\n<figure class=\"wp-block-gallery has-nested-images columns-default is-cropped wp-block-gallery-1 is-layout-flex wp-block-gallery-is-layout-flex\">\n<figure class=\"wp-block-image size-large\"><img loading=\"lazy\" decoding=\"async\" width=\"1024\" height=\"1024\" data-id=\"15\" src=\"http:\/\/letilleul-raucoules.fr\/wp-content\/uploads\/2025\/06\/20250502_161856-1-1024x1024.jpg\" alt=\"\" class=\"wp-image-15\" srcset=\"http:\/\/letilleul-raucoules.fr\/wp-content\/uploads\/2025\/06\/20250502_161856-1-1024x1024.jpg 1024w, http:\/\/letilleul-raucoules.fr\/wp-content\/uploads\/2025\/06\/20250502_161856-1-300x300.jpg 300w, http:\/\/letilleul-raucoules.fr\/wp-content\/uploads\/2025\/06\/20250502_161856-1-150x150.jpg 150w, http:\/\/letilleul-raucoules.fr\/wp-content\/uploads\/2025\/06\/20250502_161856-1-768x768.jpg 768w, http:\/\/letilleul-raucoules.fr\/wp-content\/uploads\/2025\/06\/20250502_161856-1-1536x1536.jpg 1536w, http:\/\/letilleul-raucoules.fr\/wp-content\/uploads\/2025\/06\/20250502_161856-1-2048x2048.jpg 2048w\" sizes=\"auto, (max-width: 1024px) 100vw, 1024px\" \/><\/figure>\n\n\n\n<figure class=\"wp-block-image size-large\"><img loading=\"lazy\" decoding=\"async\" width=\"1024\" height=\"1024\" data-id=\"12\" src=\"http:\/\/letilleul-raucoules.fr\/wp-content\/uploads\/2025\/06\/20250502_161831-1024x1024.jpg\" alt=\"\" class=\"wp-image-12\" srcset=\"http:\/\/letilleul-raucoules.fr\/wp-content\/uploads\/2025\/06\/20250502_161831-1024x1024.jpg 1024w, http:\/\/letilleul-raucoules.fr\/wp-content\/uploads\/2025\/06\/20250502_161831-300x300.jpg 300w, http:\/\/letilleul-raucoules.fr\/wp-content\/uploads\/2025\/06\/20250502_161831-150x150.jpg 150w, http:\/\/letilleul-raucoules.fr\/wp-content\/uploads\/2025\/06\/20250502_161831-768x768.jpg 768w, http:\/\/letilleul-raucoules.fr\/wp-content\/uploads\/2025\/06\/20250502_161831-1536x1536.jpg 1536w, http:\/\/letilleul-raucoules.fr\/wp-content\/uploads\/2025\/06\/20250502_161831-2048x2048.jpg 2048w\" sizes=\"auto, (max-width: 1024px) 100vw, 1024px\" \/><\/figure>\n\n\n\n<figure class=\"wp-block-image size-large\"><img loading=\"lazy\" decoding=\"async\" width=\"1024\" height=\"1024\" data-id=\"10\" src=\"http:\/\/letilleul-raucoules.fr\/wp-content\/uploads\/2025\/06\/20250502_160813-1024x1024.jpg\" alt=\"\" class=\"wp-image-10\" srcset=\"http:\/\/letilleul-raucoules.fr\/wp-content\/uploads\/2025\/06\/20250502_160813-1024x1024.jpg 1024w, http:\/\/letilleul-raucoules.fr\/wp-content\/uploads\/2025\/06\/20250502_160813-300x300.jpg 300w, http:\/\/letilleul-raucoules.fr\/wp-content\/uploads\/2025\/06\/20250502_160813-150x150.jpg 150w, http:\/\/letilleul-raucoules.fr\/wp-content\/uploads\/2025\/06\/20250502_160813-768x768.jpg 768w, http:\/\/letilleul-raucoules.fr\/wp-content\/uploads\/2025\/06\/20250502_160813-1536x1536.jpg 1536w, http:\/\/letilleul-raucoules.fr\/wp-content\/uploads\/2025\/06\/20250502_160813-2048x2048.jpg 2048w\" sizes=\"auto, (max-width: 1024px) 100vw, 1024px\" \/><\/figure>\n\n\n\n<figure class=\"wp-block-image size-large\"><img loading=\"lazy\" decoding=\"async\" width=\"1024\" height=\"1024\" data-id=\"7\" src=\"http:\/\/letilleul-raucoules.fr\/wp-content\/uploads\/2025\/06\/20250502_160925-1024x1024.jpg\" alt=\"\" class=\"wp-image-7\" srcset=\"http:\/\/letilleul-raucoules.fr\/wp-content\/uploads\/2025\/06\/20250502_160925-1024x1024.jpg 1024w, http:\/\/letilleul-raucoules.fr\/wp-content\/uploads\/2025\/06\/20250502_160925-300x300.jpg 300w, http:\/\/letilleul-raucoules.fr\/wp-content\/uploads\/2025\/06\/20250502_160925-150x150.jpg 150w, http:\/\/letilleul-raucoules.fr\/wp-content\/uploads\/2025\/06\/20250502_160925-768x768.jpg 768w, http:\/\/letilleul-raucoules.fr\/wp-content\/uploads\/2025\/06\/20250502_160925-1536x1536.jpg 1536w, http:\/\/letilleul-raucoules.fr\/wp-content\/uploads\/2025\/06\/20250502_160925-2048x2048.jpg 2048w\" sizes=\"auto, (max-width: 1024px) 100vw, 1024px\" \/><\/figure>\n\n\n\n<figure class=\"wp-block-image size-large\"><img loading=\"lazy\" decoding=\"async\" width=\"1024\" height=\"769\" data-id=\"21\" src=\"http:\/\/letilleul-raucoules.fr\/wp-content\/uploads\/2025\/06\/PXL_20250527_124914772-1024x769.jpg\" alt=\"\" class=\"wp-image-21\" srcset=\"http:\/\/letilleul-raucoules.fr\/wp-content\/uploads\/2025\/06\/PXL_20250527_124914772-1024x769.jpg 1024w, http:\/\/letilleul-raucoules.fr\/wp-content\/uploads\/2025\/06\/PXL_20250527_124914772-300x225.jpg 300w, http:\/\/letilleul-raucoules.fr\/wp-content\/uploads\/2025\/06\/PXL_20250527_124914772-768x577.jpg 768w, http:\/\/letilleul-raucoules.fr\/wp-content\/uploads\/2025\/06\/PXL_20250527_124914772.jpg 1156w\" sizes=\"auto, (max-width: 1024px) 100vw, 1024px\" \/><\/figure>\n\n\n\n<figure class=\"wp-block-image size-large\"><img loading=\"lazy\" decoding=\"async\" width=\"769\" height=\"1024\" data-id=\"146\" src=\"https:\/\/letilleul-raucoules.fr\/wp-content\/uploads\/2026\/02\/PXL_20250502_140820071-769x1024.jpg\" alt=\"\" class=\"wp-image-146\" srcset=\"http:\/\/letilleul-raucoules.fr\/wp-content\/uploads\/2026\/02\/PXL_20250502_140820071-769x1024.jpg 769w, http:\/\/letilleul-raucoules.fr\/wp-content\/uploads\/2026\/02\/PXL_20250502_140820071-225x300.jpg 225w, http:\/\/letilleul-raucoules.fr\/wp-content\/uploads\/2026\/02\/PXL_20250502_140820071-768x1023.jpg 768w, http:\/\/letilleul-raucoules.fr\/wp-content\/uploads\/2026\/02\/PXL_20250502_140820071.jpg 868w\" sizes=\"auto, (max-width: 769px) 100vw, 769px\" \/><\/figure>\n<\/figure>\n\n\n\n<figure class=\"wp-block-image size-large\"><img loading=\"lazy\" decoding=\"async\" width=\"1024\" height=\"769\" src=\"https:\/\/letilleul-raucoules.fr\/wp-content\/uploads\/2026\/02\/PXL_20250502_125348545-1024x769.jpg\" alt=\"\" class=\"wp-image-147\" srcset=\"http:\/\/letilleul-raucoules.fr\/wp-content\/uploads\/2026\/02\/PXL_20250502_125348545-1024x769.jpg 1024w, http:\/\/letilleul-raucoules.fr\/wp-content\/uploads\/2026\/02\/PXL_20250502_125348545-300x225.jpg 300w, http:\/\/letilleul-raucoules.fr\/wp-content\/uploads\/2026\/02\/PXL_20250502_125348545-768x577.jpg 768w, http:\/\/letilleul-raucoules.fr\/wp-content\/uploads\/2026\/02\/PXL_20250502_125348545.jpg 1156w\" sizes=\"auto, (max-width: 1024px) 100vw, 1024px\" \/><\/figure>\n\n\n\n<figure class=\"wp-block-image size-large\"><img loading=\"lazy\" decoding=\"async\" width=\"1024\" height=\"1024\" src=\"https:\/\/letilleul-raucoules.fr\/wp-content\/uploads\/2026\/02\/20250502_145246-1024x1024.jpg\" alt=\"\" class=\"wp-image-148\" srcset=\"http:\/\/letilleul-raucoules.fr\/wp-content\/uploads\/2026\/02\/20250502_145246-1024x1024.jpg 1024w, http:\/\/letilleul-raucoules.fr\/wp-content\/uploads\/2026\/02\/20250502_145246-300x300.jpg 300w, http:\/\/letilleul-raucoules.fr\/wp-content\/uploads\/2026\/02\/20250502_145246-150x150.jpg 150w, http:\/\/letilleul-raucoules.fr\/wp-content\/uploads\/2026\/02\/20250502_145246-768x768.jpg 768w, http:\/\/letilleul-raucoules.fr\/wp-content\/uploads\/2026\/02\/20250502_145246-1536x1536.jpg 1536w, http:\/\/letilleul-raucoules.fr\/wp-content\/uploads\/2026\/02\/20250502_145246-2048x2048.jpg 2048w\" sizes=\"auto, (max-width: 1024px) 100vw, 1024px\" \/><\/figure>\n\n\n\n<figure class=\"wp-block-image size-large\"><img loading=\"lazy\" decoding=\"async\" width=\"1024\" height=\"1024\" src=\"https:\/\/letilleul-raucoules.fr\/wp-content\/uploads\/2026\/02\/20250502_145547-1024x1024.jpg\" alt=\"\" class=\"wp-image-149\" srcset=\"http:\/\/letilleul-raucoules.fr\/wp-content\/uploads\/2026\/02\/20250502_145547-1024x1024.jpg 1024w, http:\/\/letilleul-raucoules.fr\/wp-content\/uploads\/2026\/02\/20250502_145547-300x300.jpg 300w, http:\/\/letilleul-raucoules.fr\/wp-content\/uploads\/2026\/02\/20250502_145547-150x150.jpg 150w, http:\/\/letilleul-raucoules.fr\/wp-content\/uploads\/2026\/02\/20250502_145547-768x768.jpg 768w, http:\/\/letilleul-raucoules.fr\/wp-content\/uploads\/2026\/02\/20250502_145547-1536x1536.jpg 1536w, http:\/\/letilleul-raucoules.fr\/wp-content\/uploads\/2026\/02\/20250502_145547-2048x2048.jpg 2048w\" sizes=\"auto, (max-width: 1024px) 100vw, 1024px\" \/><\/figure>\n","protected":false},"excerpt":{"rendered":"<p>Le g\u00eete du Tilleul vous propose un h\u00e9bergement paisible pouvant accueillir jusqu\u2019\u00e0 6 personnes pour \u00e9chapper quelques jours \u00e0 l\u2019agitation de la vie quotidienne. Vous retrouverez une chemin\u00e9e en pierre datant de l\u2019origine de la demeure (1784) au niveau du Rez-de-chauss\u00e9e ainsi qu\u2019une pi\u00e8ce \u00e0 vivre de 30 m\u00b2, un coin cuisine \u00e9quip\u00e9 et un [&hellip;]<\/p>\n","protected":false},"author":1,"featured_media":148,"parent":0,"menu_order":1,"comment_status":"closed","ping_status":"closed","template":"","meta":{"footnotes":""},"class_list":["post-23","page","type-page","status-publish","has-post-thumbnail","hentry"],"_links":{"self":[{"href":"http:\/\/letilleul-raucoules.fr\/index.php?rest_route=\/wp\/v2\/pages\/23","targetHints":{"allow":["GET"]}}],"collection":[{"href":"http:\/\/letilleul-raucoules.fr\/index.php?rest_route=\/wp\/v2\/pages"}],"about":[{"href":"http:\/\/letilleul-raucoules.fr\/index.php?rest_route=\/wp\/v2\/types\/page"}],"author":[{"embeddable":true,"href":"http:\/\/letilleul-raucoules.fr\/index.php?rest_route=\/wp\/v2\/users\/1"}],"replies":[{"embeddable":true,"href":"http:\/\/letilleul-raucoules.fr\/index.php?rest_route=%2Fwp%2Fv2%2Fcomments&post=23"}],"version-history":[{"count":6,"href":"http:\/\/letilleul-raucoules.fr\/index.php?rest_route=\/wp\/v2\/pages\/23\/revisions"}],"predecessor-version":[{"id":151,"href":"http:\/\/letilleul-raucoules.fr\/index.php?rest_route=\/wp\/v2\/pages\/23\/revisions\/151"}],"wp:featuredmedia":[{"embeddable":true,"href":"http:\/\/letilleul-raucoules.fr\/index.php?rest_route=\/wp\/v2\/media\/148"}],"wp:attachment":[{"href":"http:\/\/letilleul-raucoules.fr\/index.php?rest_route=%2Fwp%2Fv2%2Fmedia&parent=23"}],"curies":[{"name":"wp","href":"https:\/\/api.w.org\/{rel}","templated":true}]}}